{"id":2503,"date":"2023-08-23T07:44:05","date_gmt":"2023-08-23T06:44:05","guid":{"rendered":"https:\/\/www.confedebosco.es\/avis-legal\/"},"modified":"2023-12-10T09:56:33","modified_gmt":"2023-12-10T08:56:33","slug":"avis-legal","status":"publish","type":"page","link":"https:\/\/confedebosco.es\/ca\/avis-legal\/","title":{"rendered":"Av\u00eds legal"},"content":{"rendered":"<p>[et_pb_section fb_built=&#8221;1&#8243; _builder_version=&#8221;4.16&#8243; global_colors_info=&#8221;{}&#8221;][et_pb_row _builder_version=&#8221;4.16&#8243; background_size=&#8221;initial&#8221; background_position=&#8221;top_left&#8221; background_repeat=&#8221;repeat&#8221; global_colors_info=&#8221;{}&#8221;][et_pb_column type=&#8221;4_4&#8243; _builder_version=&#8221;4.16&#8243; custom_padding=&#8221;|||&#8221; global_colors_info=&#8221;{}&#8221; custom_padding__hover=&#8221;|||&#8221;][et_pb_text _builder_version=&#8221;4.21.0&#8243; background_size=&#8221;initial&#8221; background_position=&#8221;top_left&#8221; background_repeat=&#8221;repeat&#8221; global_colors_info=&#8221;{}&#8221;]<!-- divi:heading --><\/p>\n<h2 style=\"font-weight: 400;\"><strong>Av\u00eds Legal<\/strong><\/h2>\n<p style=\"font-weight: 400;\"><strong>LLEI DELS SERVEIS DE LA SOCIETAT DE LA INFORMACI\u00d3 (LSSI)<\/strong><\/p>\n<p style=\"font-weight: 400;\">CONFEDERACI\u00d3 NACIONAL D&#8217;ANTICS ALUMNES I ANTIGUES ALUMNES DE DON BOSCO, responsable del lloc web, d&#8217;ara endavant RESPONSABLE, posa a disposici\u00f3 dels usuaris aquest document, amb el qual pret\u00e9n donar compliment a les obligacions disposades a la Llei 34\/2002, de 11 de juliol, de Serveis de la Societat de la Informaci\u00f3 i de Comer\u00e7 Electr\u00f2nic (LSSICE), BOE N \u00ba 166, aix\u00ed com informar tots els usuaris del lloc web respecte a quines s\u00f3n les condicions d\u00fas.<\/p>\n<p style=\"font-weight: 400;\">Tota persona que accedeixi a aquest lloc web assumeix el paper d&#8217;usuari, comprometent-se a l&#8217;observan\u00e7a i el compliment rigor\u00f3s de les disposicions aqu\u00ed disposades, aix\u00ed com a qualsevol altra disposici\u00f3 legal que sigui aplicable.<\/p>\n<p style=\"font-weight: 400;\">CONFEDERACI\u00d3 NACIONAL D&#8217;ANTICS ALUMNES I ANTIGUES ALUMNES DE DON BOSCO es reserva el dret de modificar qualsevol tipus d&#8217;informaci\u00f3 que pogu\u00e9s apar\u00e8ixer al lloc web, sense que hi hagi obligaci\u00f3 de preavisar o posar en coneixement dels usuaris aquestes obligacions, entenent-se com suficient amb la publicaci\u00f3 al lloc web de CONFEDERACI\u00d3 NACIONAL D&#8217;ANTICS ALUMNES I ANTIGUES ALUMNES DE DO BOSCO<\/p>\n<ol>\n<li style=\"font-weight: 400;\"><strong> DADES IDENTIFICATIVES<\/strong><\/li>\n<\/ol>\n<p style=\"font-weight: 400;\"><strong>Nom de domini:<\/strong> www.confedebosco.es<br \/><strong>Nom comercial:<\/strong> Confederaci\u00f3 Nacional d&#8217;Antics Alumnes i Antigues Alumnes de Don Bosco.<\/p>\n<p style=\"font-weight: 400;\"><strong>Denominaci\u00f3 social:<\/strong> Confederaci\u00f3 Nacional d&#8217;Antics Alumnes i Antigues Alumnes de Don Bosco.<\/p>\n<p style=\"font-weight: 400;\"><strong>CIF:<\/strong> G82033069<\/p>\n<p style=\"font-weight: 400;\"><strong>Domicili social:<\/strong> C\/ Alcal\u00e1, 211, sota 11. 28028 Madrid<\/p>\n<p style=\"font-weight: 400;\"><strong>Tel\u00e8fon<\/strong> : <a href=\"https:\/\/www.google.com\/search?client=safari&amp;rls=en&amp;q=confederacion+nacional+antiguos+alumnos+de+don+bosco&amp;ie=UTF-8&amp;oe=UTF-8\"><span aria-label=\"Llamar al n\u00famero de tel\u00e9fono 917 26 36 73\">917 26 36 73<\/span><\/a><br \/><strong>e-mail:<\/strong> <a href=\"mailto:info@confedebosco.ces\">info@confedebosco.ces<\/a><\/p>\n<p style=\"font-weight: 400;\"><strong>Inscrita al Registre (Mercantil \/ P\u00fablic):<\/strong> Inscrita al Registre Mercantil de Guadalajara, tom 533, llibre, 0, foli 20, full GU-7535, inscripci\u00f3 1a<\/p>\n<ol start=\"2\">\n<li style=\"font-weight: 400;\"><strong> DRETS DE PROPIETAT INTEL\u00b7LECTUAL I INDUSTRIAL<\/strong><\/li>\n<\/ol>\n<p style=\"font-weight: 400;\">El lloc web, incloent-hi a t\u00edtol enunciatiu per\u00f2 no limitatiu la seva programaci\u00f3, edici\u00f3, compilaci\u00f3 i altres elements necessaris per al seu funcionament, els dissenys, logotips, text i\/o gr\u00e0fics, s\u00f3n propietat del RESPONSABLE o, si escau, disposa de llic\u00e8ncia o autoritzaci\u00f3 expressa per part dels autors. Tots els continguts del lloc web es troben degudament protegits per la normativa de propietat intel\u00b7lectual i industrial, aix\u00ed com inscrits als registres p\u00fablics corresponents.<\/p>\n<p style=\"font-weight: 400;\">Independentment de la finalitat per a la qual fossin destinats, la reproducci\u00f3 total o parcial, \u00fas, explotaci\u00f3, distribuci\u00f3 i comercialitzaci\u00f3 requereix en tot cas l&#8217;autoritzaci\u00f3 escrita pr\u00e8via per part del RESPONSABLE. Qualsevol \u00fas no autoritzat pr\u00e8viament es considera un incompliment greu dels drets de propietat intel\u00b7lectual o industrial de lautor.<\/p>\n<p style=\"font-weight: 400;\">Els dissenys, logotips, text i\/o gr\u00e0fics aliens al RESPONSABLE i que poguessin apar\u00e8ixer al lloc web, pertanyen als seus respectius propietaris, sent ells mateixos responsables de qualsevol possible controv\u00e8rsia que pogu\u00e9s suscitar-se respecte a aquests. El RESPONSABLE autoritza expressament que tercers puguin redirigir directament els continguts concrets del lloc web, i en tot cas redirigir al lloc web principal de www.confedeboso.es.<\/p>\n<p style=\"font-weight: 400;\">El RESPONSABLE reconeix a favor dels seus titulars els corresponents drets de propietat intel\u00b7lectual i industrial, no implicant la seva sola menci\u00f3 o aparici\u00f3 al lloc web l&#8217;exist\u00e8ncia de drets o responsabilitat sobre aquests, com tampoc suport, patrocini o recomanaci\u00f3 per part del mateix .<\/p>\n<p style=\"font-weight: 400;\">Per fer qualsevol tipus d&#8217;observaci\u00f3 respecte a possibles incompliments dels drets de propietat intel\u00b7lectual o industrial, aix\u00ed com sobre qualsevol dels continguts del lloc web, podeu fer-ho a trav\u00e9s del correu electr\u00f2nic info@confedebosco.es.<\/p>\n<ol start=\"3\">\n<li style=\"font-weight: 400;\"><strong> EXEMPCI\u00d3 DE RESPONSABILITATS<\/strong><\/li>\n<\/ol>\n<p style=\"font-weight: 400;\">El RESPONSABLE s&#8217;eximeix de qualsevol tipus de responsabilitat derivada de la informaci\u00f3 publicada al vostre lloc web sempre que aquesta informaci\u00f3 hagi estat manipulada o introdu\u00efda per un tercer ali\u00e8 al mateix.<\/p>\n<p style=\"font-weight: 400;\"><strong>\u00das de galetes<\/strong><\/p>\n<p style=\"font-weight: 400;\">Aquest lloc web pot utilitzar cookies t\u00e8cniques (petits arxius dinformaci\u00f3 que el servidor envia a lordinador de qui accedeix a la p\u00e0gina) per dur a terme determinades funcions que s\u00f3n considerades imprescindibles per al correcte funcionament i visualitzaci\u00f3 del lloc. Les galetes utilitzades tenen, en tot cas, car\u00e0cter temporal, amb l&#8217;\u00fanica finalitat de fer m\u00e9s efica\u00e7 la navegaci\u00f3, i desapareixen en acabar la sessi\u00f3 de l&#8217;usuari. En cap cas, aquestes galetes proporcionen per si mateixes dades de car\u00e0cter personal i no s&#8217;utilitzaran per a la recollida dels mateixos.<\/p>\n<p style=\"font-weight: 400;\">Mitjan\u00e7ant l&#8217;\u00fas de cookies tamb\u00e9 \u00e9s possible que el servidor on es troba la web reconegui el navegador utilitzat per l&#8217;usuari amb la finalitat que la navegaci\u00f3 sigui m\u00e9s senzilla, permetent, per exemple, l&#8217;acc\u00e9s dels usuaris que s&#8217;hagin registrat pr\u00e8viament les \u00e0rees, serveis, promocions o concursos reservats exclusivament a ells sense haver de registrar-se a cada visita. Tamb\u00e9 es poden utilitzar per mesurar l&#8217;audi\u00e8ncia, els par\u00e0metres de tr\u00e0nsit, controlar el progr\u00e9s i el nombre d&#8217;entrades, etc, sent en aquests casos galetes prescindibles t\u00e8cnicament per\u00f2 beneficioses per a l&#8217;usuari. Aquest lloc web no instal\u00b7lar\u00e0 galetes prescindibles sense el consentiment previ de l&#8217;usuari.<br \/>L&#8217;usuari t\u00e9 la possibilitat de configurar el vostre navegador per ser alertat de la recepci\u00f3 de cookies i per impedir la seva instal\u00b7laci\u00f3 al vostre equip. Si us plau, consulteu les instruccions del vostre navegador per ampliar aquesta informaci\u00f3.<\/p>\n<p style=\"font-weight: 400;\"><strong>Pol\u00edtica d&#8217;enlla\u00e7os<\/strong><\/p>\n<p style=\"font-weight: 400;\">Des del lloc web, \u00e9s possible que es redirigeixi a continguts de tercers llocs web. At\u00e8s que el RESPONSABLE no pot controlar sempre els continguts introdu\u00efts pels tercers als seus respectius llocs web, no assumeix cap tipus de responsabilitat respecte a aquests continguts. En tot cas, procedir\u00e0 a la retirada immediata de qualsevol contingut que pogu\u00e9s contravenir la legislaci\u00f3 nacional o internacional, la moral o l&#8217;ordre p\u00fablic, procedint a la retirada immediata de la redirecci\u00f3 a aquest lloc web, posant en coneixement de les autoritats competents el contingut en q\u00fcesti\u00f3.<\/p>\n<p style=\"font-weight: 400;\">El RESPONSABLE no es fa responsable de la informaci\u00f3 i continguts emmagatzemats, a t\u00edtol enunciatiu per\u00f2 no limitatiu, en f\u00f2rums, xats, generadors de blocs, comentaris, xarxes socials o qualsevol altre mitj\u00e0 que permeti a tercers publicar continguts de forma independent a la p\u00e0gina web del RESPONSABLE. No obstant aix\u00f2, i en compliment del que disposen els articles 11 i 16 de la LSSICE, es posa a disposici\u00f3 de tots els usuaris, autoritats i forces de seguretat, col\u00b7laborant de forma activa en la retirada o, si escau, bloqueig de tots aquells continguts que puguin afectar o contravenir la legislaci\u00f3 nacional o internacional, els drets de tercers o la moral i lordre p\u00fablic. En cas que l&#8217;usuari consideri que hi ha al lloc web algun contingut que pogu\u00e9s ser susceptible d&#8217;aquesta classificaci\u00f3, es prega que ho notifiqui de manera immediata a l&#8217;administrador del lloc web.<\/p>\n<p style=\"font-weight: 400;\">Aquest lloc web ha estat revisat i provat perqu\u00e8 funcioni correctament. En principi, es pot garantir el funcionament correcte els 365 dies de l&#8217;any, 24 hores al dia. Tot i aix\u00f2, el RESPONSABLE no descarta la possibilitat que hi hagi certs errors de programaci\u00f3, o que esdevinguin causes de for\u00e7a major, cat\u00e0strofes naturals, vagues o circumst\u00e0ncies semblants que facin impossible l&#8217;acc\u00e9s a la p\u00e0gina web.<\/p>\n<p style=\"font-weight: 400;\"><strong>Adreces IP<\/strong><\/p>\n<p style=\"font-weight: 400;\">Els servidors del lloc web podran detectar autom\u00e0ticament l&#8217;adre\u00e7a IP i el nom de domini utilitzats per l&#8217;usuari. Una adre\u00e7a IP \u00e9s un n\u00famero assignat autom\u00e0ticament a un ordinador quan aquest es connecta a Internet. Tota aquesta informaci\u00f3 \u00e9s registrada en un fitxer d&#8217;activitat del servidor degudament inscrit que permet el processament posterior de les dades per tal d&#8217;obtenir mesures \u00fanicament estad\u00edstiques que permetin con\u00e8ixer el nombre d&#8217;impressions de p\u00e0gines, el nombre de visites realitzades als servidors web, ordre de visites, punt d&#8217;acc\u00e9s, etc.<\/p>\n<ol start=\"4\">\n<li style=\"font-weight: 400;\"><strong> LLEI APLICABLE I JURISDICCI\u00d3<\/strong><\/li>\n<\/ol>\n<p style=\"font-weight: 400;\">Per a la resoluci\u00f3 de totes les controv\u00e8rsies o q\u00fcestions relacionades amb el present lloc web o de les activitats que s&#8217;hi desenvolupin, ser\u00e0 aplicable la legislaci\u00f3 espanyola, a la qual se sotmeten expressament les parts, sent competents per a la resoluci\u00f3 de tots els conflictes derivats o relacionats amb el seu \u00fas els jutjats i tribunals m\u00e9s propers a MADRID.<\/p>\n<p style=\"font-weight: 400;\"><!-- \/divi:paragraph --><\/p>\n<p>[\/et_pb_text][\/et_pb_column][\/et_pb_row][\/et_pb_section]<\/p>\n","protected":false},"excerpt":{"rendered":"<p>Av\u00eds Legal LLEI DELS SERVEIS DE LA SOCIETAT DE LA INFORMACI\u00d3 (LSSI) CONFEDERACI\u00d3 NACIONAL D&#8217;ANTICS ALUMNES I ANTIGUES ALUMNES DE DON BOSCO, responsable del lloc web, d&#8217;ara endavant RESPONSABLE, posa a disposici\u00f3 dels usuaris aquest document, amb el qual pret\u00e9n donar compliment a les obligacions disposades a la Llei 34\/2002, de 11 de juliol, de [&hellip;]<\/p>\n","protected":false},"author":1,"featured_media":1854,"parent":0,"menu_order":0,"comment_status":"closed","ping_status":"closed","template":"","meta":{"_et_pb_use_builder":"on","_et_pb_old_content":"","_et_gb_content_width":"","footnotes":""},"class_list":["post-2503","page","type-page","status-publish","has-post-thumbnail","hentry"],"yoast_head":"<!-- This site is optimized with the Yoast SEO plugin v27.2 - https:\/\/yoast.com\/product\/yoast-seo-wordpress\/ -->\n<title>Av\u00eds legal - Confederaci\u00f3n Antiguos Alumnos y Antiguas Alumnas de Don Bosco<\/title>\n<meta name=\"description\" content=\"Av\u00eds Legal Confederaci\u00f3 Nacional d&#039;AA AA de Don Bosco a Espanya\" \/>\n<meta name=\"robots\" content=\"index, follow, max-snippet:-1, max-image-preview:large, max-video-preview:-1\" \/>\n<link rel=\"canonical\" href=\"https:\/\/confedebosco.es\/ca\/avis-legal\/\" \/>\n<meta property=\"og:locale\" content=\"ca_ES\" \/>\n<meta property=\"og:type\" content=\"article\" \/>\n<meta property=\"og:title\" content=\"Av\u00eds legal - Confederaci\u00f3n Antiguos Alumnos y Antiguas Alumnas de Don Bosco\" \/>\n<meta property=\"og:description\" content=\"Av\u00eds Legal Confederaci\u00f3 Nacional d&#039;AA AA de Don Bosco a Espanya\" \/>\n<meta property=\"og:url\" content=\"https:\/\/confedebosco.es\/ca\/avis-legal\/\" \/>\n<meta property=\"og:site_name\" content=\"Confederaci\u00f3n Antiguos Alumnos y Antiguas Alumnas de Don Bosco\" \/>\n<meta property=\"article:publisher\" content=\"https:\/\/www.facebook.com\/CNAAAADBE\/\" \/>\n<meta property=\"article:modified_time\" content=\"2023-12-10T08:56:33+00:00\" \/>\n<meta property=\"og:image\" content=\"https:\/\/confedebosco.es\/wp-content\/uploads\/2023\/01\/miniatura-web-confederacion-2.jpg\" \/>\n\t<meta property=\"og:image:width\" content=\"1720\" \/>\n\t<meta property=\"og:image:height\" content=\"1720\" \/>\n\t<meta property=\"og:image:type\" content=\"image\/jpeg\" \/>\n<meta name=\"twitter:card\" content=\"summary_large_image\" \/>\n<meta name=\"twitter:label1\" content=\"Temps estimat de lectura\" \/>\n\t<meta name=\"twitter:data1\" content=\"7 minuts\" \/>\n<script type=\"application\/ld+json\" class=\"yoast-schema-graph\">{\"@context\":\"https:\/\/schema.org\",\"@graph\":[{\"@type\":\"WebPage\",\"@id\":\"https:\/\/confedebosco.es\/ca\/avis-legal\/\",\"url\":\"https:\/\/confedebosco.es\/ca\/avis-legal\/\",\"name\":\"Av\u00eds legal - Confederaci\u00f3n Antiguos Alumnos y Antiguas Alumnas de Don Bosco\",\"isPartOf\":{\"@id\":\"https:\/\/confedebosco.es\/ca\/#website\"},\"primaryImageOfPage\":{\"@id\":\"https:\/\/confedebosco.es\/ca\/avis-legal\/#primaryimage\"},\"image\":{\"@id\":\"https:\/\/confedebosco.es\/ca\/avis-legal\/#primaryimage\"},\"thumbnailUrl\":\"https:\/\/confedebosco.es\/wp-content\/uploads\/2023\/01\/miniatura-web-confederacion-2.jpg\",\"datePublished\":\"2023-08-23T06:44:05+00:00\",\"dateModified\":\"2023-12-10T08:56:33+00:00\",\"description\":\"Av\u00eds Legal Confederaci\u00f3 Nacional d'AA AA de Don Bosco a Espanya\",\"breadcrumb\":{\"@id\":\"https:\/\/confedebosco.es\/ca\/avis-legal\/#breadcrumb\"},\"inLanguage\":\"ca\",\"potentialAction\":[{\"@type\":\"ReadAction\",\"target\":[\"https:\/\/confedebosco.es\/ca\/avis-legal\/\"]}]},{\"@type\":\"ImageObject\",\"inLanguage\":\"ca\",\"@id\":\"https:\/\/confedebosco.es\/ca\/avis-legal\/#primaryimage\",\"url\":\"https:\/\/confedebosco.es\/wp-content\/uploads\/2023\/01\/miniatura-web-confederacion-2.jpg\",\"contentUrl\":\"https:\/\/confedebosco.es\/wp-content\/uploads\/2023\/01\/miniatura-web-confederacion-2.jpg\",\"width\":1720,\"height\":1720},{\"@type\":\"BreadcrumbList\",\"@id\":\"https:\/\/confedebosco.es\/ca\/avis-legal\/#breadcrumb\",\"itemListElement\":[{\"@type\":\"ListItem\",\"position\":1,\"name\":\"Portada\",\"item\":\"https:\/\/confedebosco.es\/ca\/\"},{\"@type\":\"ListItem\",\"position\":2,\"name\":\"Av\u00eds legal\"}]},{\"@type\":\"WebSite\",\"@id\":\"https:\/\/confedebosco.es\/ca\/#website\",\"url\":\"https:\/\/confedebosco.es\/ca\/\",\"name\":\"Confederaci\u00f3n Nacional Antiguos Alumnos de Don Bosco\",\"description\":\"Confederaci\u00f3n Nacional Antiguos Alumnos de Don Bosco\",\"publisher\":{\"@id\":\"https:\/\/confedebosco.es\/ca\/#organization\"},\"alternateName\":\"Confederaci\u00f3n Nacional Antiguos Alumnos de Don Bosco\",\"potentialAction\":[{\"@type\":\"SearchAction\",\"target\":{\"@type\":\"EntryPoint\",\"urlTemplate\":\"https:\/\/confedebosco.es\/ca\/?s={search_term_string}\"},\"query-input\":{\"@type\":\"PropertyValueSpecification\",\"valueRequired\":true,\"valueName\":\"search_term_string\"}}],\"inLanguage\":\"ca\"},{\"@type\":\"Organization\",\"@id\":\"https:\/\/confedebosco.es\/ca\/#organization\",\"name\":\"Confederaci\u00f3n Nacional Antiguos Alumnos de Don Bosco\",\"alternateName\":\"Confederaci\u00f3n Nacional Antiguos Alumnos de Don Bosco\",\"url\":\"https:\/\/confedebosco.es\/ca\/\",\"logo\":{\"@type\":\"ImageObject\",\"inLanguage\":\"ca\",\"@id\":\"https:\/\/confedebosco.es\/ca\/#\/schema\/logo\/image\/\",\"url\":\"https:\/\/confedebosco.es\/wp-content\/uploads\/2023\/01\/cropped-logo-antiguos-alumnos-salesianos.png\",\"contentUrl\":\"https:\/\/confedebosco.es\/wp-content\/uploads\/2023\/01\/cropped-logo-antiguos-alumnos-salesianos.png\",\"width\":512,\"height\":512,\"caption\":\"Confederaci\u00f3n Nacional Antiguos Alumnos de Don Bosco\"},\"image\":{\"@id\":\"https:\/\/confedebosco.es\/ca\/#\/schema\/logo\/image\/\"},\"sameAs\":[\"https:\/\/www.facebook.com\/CNAAAADBE\/\",\"https:\/\/www.instagram.com\/cnaaaadbe\/\"]}]}<\/script>\n<!-- \/ Yoast SEO plugin. -->","yoast_head_json":{"title":"Av\u00eds legal - Confederaci\u00f3n Antiguos Alumnos y Antiguas Alumnas de Don Bosco","description":"Av\u00eds Legal Confederaci\u00f3 Nacional d'AA AA de Don Bosco a Espanya","robots":{"index":"index","follow":"follow","max-snippet":"max-snippet:-1","max-image-preview":"max-image-preview:large","max-video-preview":"max-video-preview:-1"},"canonical":"https:\/\/confedebosco.es\/ca\/avis-legal\/","og_locale":"ca_ES","og_type":"article","og_title":"Av\u00eds legal - Confederaci\u00f3n Antiguos Alumnos y Antiguas Alumnas de Don Bosco","og_description":"Av\u00eds Legal Confederaci\u00f3 Nacional d'AA AA de Don Bosco a Espanya","og_url":"https:\/\/confedebosco.es\/ca\/avis-legal\/","og_site_name":"Confederaci\u00f3n Antiguos Alumnos y Antiguas Alumnas de Don Bosco","article_publisher":"https:\/\/www.facebook.com\/CNAAAADBE\/","article_modified_time":"2023-12-10T08:56:33+00:00","og_image":[{"width":1720,"height":1720,"url":"https:\/\/confedebosco.es\/wp-content\/uploads\/2023\/01\/miniatura-web-confederacion-2.jpg","type":"image\/jpeg"}],"twitter_card":"summary_large_image","twitter_misc":{"Temps estimat de lectura":"7 minuts"},"schema":{"@context":"https:\/\/schema.org","@graph":[{"@type":"WebPage","@id":"https:\/\/confedebosco.es\/ca\/avis-legal\/","url":"https:\/\/confedebosco.es\/ca\/avis-legal\/","name":"Av\u00eds legal - Confederaci\u00f3n Antiguos Alumnos y Antiguas Alumnas de Don Bosco","isPartOf":{"@id":"https:\/\/confedebosco.es\/ca\/#website"},"primaryImageOfPage":{"@id":"https:\/\/confedebosco.es\/ca\/avis-legal\/#primaryimage"},"image":{"@id":"https:\/\/confedebosco.es\/ca\/avis-legal\/#primaryimage"},"thumbnailUrl":"https:\/\/confedebosco.es\/wp-content\/uploads\/2023\/01\/miniatura-web-confederacion-2.jpg","datePublished":"2023-08-23T06:44:05+00:00","dateModified":"2023-12-10T08:56:33+00:00","description":"Av\u00eds Legal Confederaci\u00f3 Nacional d'AA AA de Don Bosco a Espanya","breadcrumb":{"@id":"https:\/\/confedebosco.es\/ca\/avis-legal\/#breadcrumb"},"inLanguage":"ca","potentialAction":[{"@type":"ReadAction","target":["https:\/\/confedebosco.es\/ca\/avis-legal\/"]}]},{"@type":"ImageObject","inLanguage":"ca","@id":"https:\/\/confedebosco.es\/ca\/avis-legal\/#primaryimage","url":"https:\/\/confedebosco.es\/wp-content\/uploads\/2023\/01\/miniatura-web-confederacion-2.jpg","contentUrl":"https:\/\/confedebosco.es\/wp-content\/uploads\/2023\/01\/miniatura-web-confederacion-2.jpg","width":1720,"height":1720},{"@type":"BreadcrumbList","@id":"https:\/\/confedebosco.es\/ca\/avis-legal\/#breadcrumb","itemListElement":[{"@type":"ListItem","position":1,"name":"Portada","item":"https:\/\/confedebosco.es\/ca\/"},{"@type":"ListItem","position":2,"name":"Av\u00eds legal"}]},{"@type":"WebSite","@id":"https:\/\/confedebosco.es\/ca\/#website","url":"https:\/\/confedebosco.es\/ca\/","name":"Confederaci\u00f3n Nacional Antiguos Alumnos de Don Bosco","description":"Confederaci\u00f3n Nacional Antiguos Alumnos de Don Bosco","publisher":{"@id":"https:\/\/confedebosco.es\/ca\/#organization"},"alternateName":"Confederaci\u00f3n Nacional Antiguos Alumnos de Don Bosco","potentialAction":[{"@type":"SearchAction","target":{"@type":"EntryPoint","urlTemplate":"https:\/\/confedebosco.es\/ca\/?s={search_term_string}"},"query-input":{"@type":"PropertyValueSpecification","valueRequired":true,"valueName":"search_term_string"}}],"inLanguage":"ca"},{"@type":"Organization","@id":"https:\/\/confedebosco.es\/ca\/#organization","name":"Confederaci\u00f3n Nacional Antiguos Alumnos de Don Bosco","alternateName":"Confederaci\u00f3n Nacional Antiguos Alumnos de Don Bosco","url":"https:\/\/confedebosco.es\/ca\/","logo":{"@type":"ImageObject","inLanguage":"ca","@id":"https:\/\/confedebosco.es\/ca\/#\/schema\/logo\/image\/","url":"https:\/\/confedebosco.es\/wp-content\/uploads\/2023\/01\/cropped-logo-antiguos-alumnos-salesianos.png","contentUrl":"https:\/\/confedebosco.es\/wp-content\/uploads\/2023\/01\/cropped-logo-antiguos-alumnos-salesianos.png","width":512,"height":512,"caption":"Confederaci\u00f3n Nacional Antiguos Alumnos de Don Bosco"},"image":{"@id":"https:\/\/confedebosco.es\/ca\/#\/schema\/logo\/image\/"},"sameAs":["https:\/\/www.facebook.com\/CNAAAADBE\/","https:\/\/www.instagram.com\/cnaaaadbe\/"]}]}},"_links":{"self":[{"href":"https:\/\/confedebosco.es\/ca\/wp-json\/wp\/v2\/pages\/2503","targetHints":{"allow":["GET"]}}],"collection":[{"href":"https:\/\/confedebosco.es\/ca\/wp-json\/wp\/v2\/pages"}],"about":[{"href":"https:\/\/confedebosco.es\/ca\/wp-json\/wp\/v2\/types\/page"}],"author":[{"embeddable":true,"href":"https:\/\/confedebosco.es\/ca\/wp-json\/wp\/v2\/users\/1"}],"replies":[{"embeddable":true,"href":"https:\/\/confedebosco.es\/ca\/wp-json\/wp\/v2\/comments?post=2503"}],"version-history":[{"count":2,"href":"https:\/\/confedebosco.es\/ca\/wp-json\/wp\/v2\/pages\/2503\/revisions"}],"predecessor-version":[{"id":2505,"href":"https:\/\/confedebosco.es\/ca\/wp-json\/wp\/v2\/pages\/2503\/revisions\/2505"}],"wp:featuredmedia":[{"embeddable":true,"href":"https:\/\/confedebosco.es\/ca\/wp-json\/wp\/v2\/media\/1854"}],"wp:attachment":[{"href":"https:\/\/confedebosco.es\/ca\/wp-json\/wp\/v2\/media?parent=2503"}],"curies":[{"name":"wp","href":"https:\/\/api.w.org\/{rel}","templated":true}]}}