{"id":2671,"date":"2023-08-23T07:44:05","date_gmt":"2023-08-23T06:44:05","guid":{"rendered":"https:\/\/www.confedebosco.es\/aviso-legal\/"},"modified":"2023-12-10T11:04:22","modified_gmt":"2023-12-10T10:04:22","slug":"aviso-legal","status":"publish","type":"page","link":"https:\/\/confedebosco.es\/gl\/aviso-legal\/","title":{"rendered":"Aviso legal"},"content":{"rendered":"<p>[et_pb_section fb_built=&#8221;1&#8243; _builder_version=&#8221;4.16&#8243; global_colors_info=&#8221;{}&#8221;][et_pb_row _builder_version=&#8221;4.16&#8243; background_size=&#8221;initial&#8221; background_position=&#8221;top_left&#8221; background_repeat=&#8221;repeat&#8221; global_colors_info=&#8221;{}&#8221;][et_pb_column type=&#8221;4_4&#8243; _builder_version=&#8221;4.16&#8243; custom_padding=&#8221;|||&#8221; global_colors_info=&#8221;{}&#8221; custom_padding__hover=&#8221;|||&#8221;][et_pb_text _builder_version=&#8221;4.21.0&#8243; background_size=&#8221;initial&#8221; background_position=&#8221;top_left&#8221; background_repeat=&#8221;repeat&#8221; global_colors_info=&#8221;{}&#8221;]<!-- divi:heading --><\/p>\n<h2 style=\"font-weight: 400;\"><strong>Aviso legal<\/strong><\/h2>\n<p style=\"font-weight: 400;\"><strong>LEI DE SERVIZOS DA SOCIEDADE DA INFORMACI\u00d3N (LSSI)<\/strong><\/p>\n<p style=\"font-weight: 400;\">CONFEDERACI\u00d3N NACIONAL DE ANTICOS ALUMNOS DE DON BOSCO, responsable da p\u00e1xina web, en diante RESPONSABLE, pon a disposici\u00f3n dos usuarios este documento, co que pretende dar cumprimento \u00e1s obrigas establecidas na Lei 34\/2002, do 11 de xullo, de Servizos da Sociedade da Informaci\u00f3n e Comercio Electr\u00f3nico (LSSICE), BOE no 166, as\u00ed como informar a todos os usuarios do sitio web sobre as condici\u00f3ns de uso.<\/p>\n<p style=\"font-weight: 400;\">Calquera persoa que acceda a este sitio web asume a funci\u00f3n de usuario, compromet\u00e9ndose ao estricto cumprimento e cumprimento das disposici\u00f3ns aqu\u00ed establecidas, as\u00ed como de calquera outra disposici\u00f3n legal que resulte de aplicaci\u00f3n.<\/p>\n<p style=\"font-weight: 400;\">CONFEDERACI\u00d3N NACIONAL DE ANTIGUOS ALUMNOS E ANTIGUOS ALUMNOS DE DON BOSCO res\u00e9rvase o dereito a modificar calquera tipo de informaci\u00f3n que poida aparecer na p\u00e1xina web, sen que exista obriga de comunicar ou po\u00f1er en co\u00f1ecemento dos usuarios as devanditas obrigas, entend\u00e9ndose como suficiente coa publicaci\u00f3n no a web da CONFEDERACI\u00d3N NACIONAL DE ANTIGUOS ALUMNOS DE DON BOSCO<\/p>\n<ol>\n<li style=\"font-weight: 400;\"><strong>  DATOS IDENTIFICATIVOS<\/strong><\/li>\n<\/ol>\n<p style=\"font-weight: 400;\"><strong>Nome de dominio:<\/strong> www.confedebosco.es<br \/><strong>Denominaci\u00f3n comercial:<\/strong> Confederaci\u00f3n Nacional de Antigos Alumnos e Antigos Alumnos de Don Bosco.<\/p>\n<p style=\"font-weight: 400;\"><strong>Denominaci\u00f3n social:<\/strong> Confederaci\u00f3n Nacional de Antigos Alumnos e Antigos Alumnos de Don Bosco.<\/p>\n<p style=\"font-weight: 400;\"><strong>CIF:<\/strong> G82033069<\/p>\n<p style=\"font-weight: 400;\"><strong>Domicilio social:<\/strong> C\/ Alcal\u00e1, 211, sub 11. 28028 Madrid<\/p>\n<p style=\"font-weight: 400;\"><strong>Tel\u00e9fono<\/strong> : <a href=\"https:\/\/www.google.com\/search?client=safari&amp;rls=en&amp;q=confederacion+nacional+antiguos+alumnos+de+don+bosco&amp;ie=UTF-8&amp;oe=UTF-8\"><span aria-label=\"Llamar al n\u00famero de tel\u00e9fono 917 26 36 73\">917 26 36 73<\/span><\/a><br \/><strong>Correo electr\u00f3nico:<\/strong> <a href=\"mailto:info@confedebosco.ces\">info@confedebosco.ces<\/a><\/p>\n<p style=\"font-weight: 400;\"><strong>Inscrita no Rexistro Mercantil\/P\u00fablico:<\/strong> Inscrita no Rexistro Mercantil de Guadalaxara, tomo 533, libro, 0, folio 20, folla GU-7535, inscrici\u00f3n 1.<\/p>\n<ol start=\"2\">\n<li style=\"font-weight: 400;\"><strong>  DEREITOS DE PROPIEDADE INTELECTUAL E INDUSTRIAL<\/strong><\/li>\n<\/ol>\n<p style=\"font-weight: 400;\">O sitio web, inclu\u00edndo pero non limitado \u00e1 s\u00faa programaci\u00f3n, edici\u00f3n, compilaci\u00f3n e demais elementos necesarios para o seu funcionamento, os dese\u00f1os, logotipos, texto e\/ou gr\u00e1ficos, son propiedade do RESPONSABLE ou, se \u00e9 o caso, disp\u00f3n de licenza. autorizaci\u00f3n expresa dos autores. Todos os contidos do sitio web est\u00e1n debidamente protexidos pola normativa de propiedade intelectual e industrial, as\u00ed como inscritos nos correspondentes rexistros p\u00fablicos.<\/p>\n<p style=\"font-weight: 400;\">Independentemente da finalidade para a que fosen destinados, a reproduci\u00f3n, uso, explotaci\u00f3n, distribuci\u00f3n e comercializaci\u00f3n total ou parcial, require en todo caso autorizaci\u00f3n previa por escrito do RESPONSABLE. Calquera uso non autorizado previamente consid\u00e9rase un incumprimento grave dos dereitos de propiedade intelectual ou industrial do autor.<\/p>\n<p style=\"font-weight: 400;\">Os dese\u00f1os, logotipos, textos e\/ou gr\u00e1ficos distintos do RESPONSABLE e que poidan aparecer na p\u00e1xina web pertencen aos seus respectivos propietarios, sendo eles mesmos os responsables de calquera posible controversia que poida xurdir ao respecto. O RESPONSABLE autoriza expresamente a que terceiros poidan redireccionar directamente aos contidos concretos do sitio web, e en todo caso redireccionar ao sitio web principal de www.confedeboso.es.<\/p>\n<p style=\"font-weight: 400;\">O RESPONSABLE reco\u00f1ece os correspondentes dereitos de propiedade intelectual e industrial a favor dos seus titulares, e a s\u00faa mera menci\u00f3n ou aparici\u00f3n no sitio web non implica a existencia de ning\u00fan dereito ou responsabilidade sobre os mesmos, nin sup\u00f3n aval, patrocinio ou recomendaci\u00f3n por parte dos mesmos. . .<\/p>\n<p style=\"font-weight: 400;\">Para realizar calquera tipo de observaci\u00f3n sobre posibles incumprimentos dos dereitos de propiedade intelectual ou industrial, as\u00ed como sobre calquera dos contidos do sitio web, pode facelo a trav\u00e9s do correo electr\u00f3nico info@confedebosco.es.<\/p>\n<ol start=\"3\">\n<li style=\"font-weight: 400;\"><strong>  EXENCI\u00d3N DE RESPONSABILIDADE<\/strong><\/li>\n<\/ol>\n<p style=\"font-weight: 400;\">O RESPONSABLE queda exento de calquera tipo de responsabilidade derivada da informaci\u00f3n publicada na s\u00faa p\u00e1xina web sempre que esta informaci\u00f3n fose manipulada ou introducida por un terceiro alleo a ela.<\/p>\n<p style=\"font-weight: 400;\"><strong>Uso de Cookies<\/strong><\/p>\n<p style=\"font-weight: 400;\">Este sitio web pode utilizar cookies t\u00e9cnicas (pequenos ficheiros de informaci\u00f3n que o servidor env\u00eda ao ordenador da persoa que accede \u00e1 p\u00e1xina) para realizar determinadas funci\u00f3ns que se consideran imprescindibles para o correcto funcionamento e visualizaci\u00f3n do sitio. As cookies utilizadas te\u00f1en, en todo caso, car\u00e1cter temporal, coa \u00fanica finalidade de facer m\u00e1is eficiente a navegaci\u00f3n, e desaparecen ao finalizar a sesi\u00f3n do usuario. En ning\u00fan caso estas cookies proporcionan datos persoais por si mesmas e non se utilizar\u00e1n para recollelos.<\/p>\n<p style=\"font-weight: 400;\">Mediante o uso de cookies, tam\u00e9n \u00e9 posible que o servidor onde se atopa o sitio web reco\u00f1eza o navegador utilizado polo usuario co fin de facilitar a navegaci\u00f3n, permitindo, por exemplo, o acceso dos usuarios que se rexistraron previamente \u00e1s \u00e1reas, servizos. , promoci\u00f3ns ou concursos reservados exclusivamente para eles sen necesidade de rexistrarse en cada visita. Tam\u00e9n se poden utilizar para medir a audiencia, os par\u00e1metros de tr\u00e1fico, controlar o progreso e o n\u00famero de entradas, etc., nestes casos as cookies son tecnicamente prescindibles pero beneficiosas para o usuario. Este sitio web non instalar\u00e1 cookies prescindibles sen o consentimento previo do usuario.<br \/>O usuario ten a posibilidade de configurar o seu navegador para ser avisado cando se reciban cookies e impedir a s\u00faa instalaci\u00f3n no seu ordenador. Consulta as instruci\u00f3ns do teu navegador para obter m\u00e1is informaci\u00f3n.<\/p>\n<p style=\"font-weight: 400;\"><strong>Pol\u00edtica de ligaz\u00f3ns<\/strong><\/p>\n<p style=\"font-weight: 400;\">Desde o sitio web, pode ser redirixido a contido en sitios web de terceiros. Dado que o RESPONSABLE non pode controlar sempre os contidos introducidos por terceiros nos seus respectivos sitios web, non asume ning\u00fan tipo de responsabilidade respecto dos devanditos contidos. En todo caso, proceder\u00e1 \u00e1 retirada inmediata de calquera contido que poida contravenir a lexislaci\u00f3n nacional ou internacional, a moral ou a orde p\u00fablica, procedendo \u00e1 retirada inmediata da redirecci\u00f3n ao devandito sitio web, po\u00f1endo o contido en co\u00f1ecemento das autoridades competentes. en cuesti\u00f3n.<\/p>\n<p style=\"font-weight: 400;\">O RESPONSABLE non se fai responsable da informaci\u00f3n e contidos almacenados, a t\u00edtulo enunciativo pero non limitativo, en foros, chats, xeradores de blogs, comentarios, redes sociais ou calquera outro medio que permita a terceiros publicar contidos de forma independente na p\u00e1xina web. o RESPONSABLE. Non obstante, e en cumprimento do disposto nos artigos 11 e 16 da LSSICE, ponse a disposici\u00f3n de todos os usuarios, autoridades e forzas de seguridade, colaborando activamente na retirada ou, no seu caso, no bloqueo de todos aqueles contidos que poidan afectar ou contravenir. lexislaci\u00f3n nacional ou internacional, os dereitos de terceiros ou a moral e a orde p\u00fablica. Se o usuario considera que existe alg\u00fan contido no sitio web susceptible de ser susceptible a esta clasificaci\u00f3n, comun\u00edquese inmediatamente ao administrador do sitio web.<\/p>\n<p style=\"font-weight: 400;\">Este sitio web foi revisado e probado para funcionar correctamente. En principio, p\u00f3dese garantir o correcto funcionamento os 365 d\u00edas do ano, as 24 horas do d\u00eda. Non obstante, o RESPONSABLE non descarta a posibilidade de que existan determinados erros de programaci\u00f3n, ou que se produzan causas de forza maior, cat\u00e1strofes naturais, folgas ou circunstancias similares que imposibiliten o acceso ao sitio web.<\/p>\n<p style=\"font-weight: 400;\"><strong>enderezos IP<\/strong><\/p>\n<p style=\"font-weight: 400;\">Os servidores do sitio web poden detectar automaticamente o enderezo IP e o nome de dominio utilizados polo usuario. Un enderezo IP \u00e9 un n\u00famero asignado automaticamente a un ordenador cando se conecta a Internet. Toda esta informaci\u00f3n queda rexistrada nun ficheiro de actividade do servidor debidamente rexistrado que permite o posterior tratamento dos datos co fin de obter s\u00f3 medici\u00f3ns estat\u00edsticas que permitan co\u00f1ecer o n\u00famero de impresi\u00f3ns de p\u00e1xinas, o n\u00famero de visitas realizadas aos servidores web, a orde de visitas. , o punto de acceso, etc.<\/p>\n<ol start=\"4\">\n<li style=\"font-weight: 400;\"><strong>  LEI APLICABLE E XURISDICCI\u00d3N<\/strong><\/li>\n<\/ol>\n<p style=\"font-weight: 400;\">Para a resoluci\u00f3n de todas as controversias ou cuesti\u00f3ns relacionadas con este sitio web ou coas actividades que nel se desenvolvan, aplicarase a lexislaci\u00f3n espa\u00f1ola, \u00e1 que se someten expresamente as partes, sendo competentes para a resoluci\u00f3n de todos os conflitos derivados ou relacionados co seu uso os Xulgados e Tribunais. m\u00e1is preto de MADRID.<\/p>\n<p style=\"font-weight: 400;\"><!-- \/divi:paragraph --><\/p>\n<p>[\/et_pb_text][\/et_pb_column][\/et_pb_row][\/et_pb_section]<\/p>\n","protected":false},"excerpt":{"rendered":"<p>Aviso legal LEI DE SERVIZOS DA SOCIEDADE DA INFORMACI\u00d3N (LSSI) CONFEDERACI\u00d3N NACIONAL DE ANTICOS ALUMNOS DE DON BOSCO, responsable da p\u00e1xina web, en diante RESPONSABLE, pon a disposici\u00f3n dos usuarios este documento, co que pretende dar cumprimento \u00e1s obrigas establecidas na Lei 34\/2002, do 11 de xullo, de Servizos da Sociedade da Informaci\u00f3n e Comercio [&hellip;]<\/p>\n","protected":false},"author":1,"featured_media":1856,"parent":0,"menu_order":0,"comment_status":"closed","ping_status":"closed","template":"","meta":{"_et_pb_use_builder":"on","_et_pb_old_content":"","_et_gb_content_width":"","footnotes":""},"class_list":["post-2671","page","type-page","status-publish","has-post-thumbnail","hentry"],"yoast_head":"<!-- This site is optimized with the Yoast SEO plugin v27.2 - https:\/\/yoast.com\/product\/yoast-seo-wordpress\/ -->\n<title>Aviso legal - Confederaci\u00f3n Antiguos Alumnos y Antiguas Alumnas de Don Bosco<\/title>\n<meta name=\"description\" content=\"Aviso Legal Confederaci\u00f3n Nacional de AA AA de Don Bosco en Espa\u00f1a\" \/>\n<meta name=\"robots\" content=\"index, follow, max-snippet:-1, max-image-preview:large, max-video-preview:-1\" \/>\n<link rel=\"canonical\" href=\"https:\/\/confedebosco.es\/gl\/aviso-legal\/\" \/>\n<meta property=\"og:locale\" content=\"gl_ES\" \/>\n<meta property=\"og:type\" content=\"article\" \/>\n<meta property=\"og:title\" content=\"Aviso legal - Confederaci\u00f3n Antiguos Alumnos y Antiguas Alumnas de Don Bosco\" \/>\n<meta property=\"og:description\" content=\"Aviso Legal Confederaci\u00f3n Nacional de AA AA de Don Bosco en Espa\u00f1a\" \/>\n<meta property=\"og:url\" content=\"https:\/\/confedebosco.es\/gl\/aviso-legal\/\" \/>\n<meta property=\"og:site_name\" content=\"Confederaci\u00f3n Antiguos Alumnos y Antiguas Alumnas de Don Bosco\" \/>\n<meta property=\"article:publisher\" content=\"https:\/\/www.facebook.com\/CNAAAADBE\/\" \/>\n<meta property=\"article:modified_time\" content=\"2023-12-10T10:04:22+00:00\" \/>\n<meta property=\"og:image\" content=\"https:\/\/confedebosco.es\/wp-content\/uploads\/2023\/01\/miniatura-web-confederacion-2.jpg\" \/>\n\t<meta property=\"og:image:width\" content=\"1720\" \/>\n\t<meta property=\"og:image:height\" content=\"1720\" \/>\n\t<meta property=\"og:image:type\" content=\"image\/jpeg\" \/>\n<meta name=\"twitter:card\" content=\"summary_large_image\" \/>\n<meta name=\"twitter:label1\" content=\"Tempo de lectura\" \/>\n\t<meta name=\"twitter:data1\" content=\"7 minutos\" \/>\n<script type=\"application\/ld+json\" class=\"yoast-schema-graph\">{\"@context\":\"https:\/\/schema.org\",\"@graph\":[{\"@type\":\"WebPage\",\"@id\":\"https:\/\/confedebosco.es\/gl\/aviso-legal\/\",\"url\":\"https:\/\/confedebosco.es\/gl\/aviso-legal\/\",\"name\":\"Aviso legal - Confederaci\u00f3n Antiguos Alumnos y Antiguas Alumnas de Don Bosco\",\"isPartOf\":{\"@id\":\"https:\/\/confedebosco.es\/gl\/#website\"},\"primaryImageOfPage\":{\"@id\":\"https:\/\/confedebosco.es\/gl\/aviso-legal\/#primaryimage\"},\"image\":{\"@id\":\"https:\/\/confedebosco.es\/gl\/aviso-legal\/#primaryimage\"},\"thumbnailUrl\":\"https:\/\/confedebosco.es\/wp-content\/uploads\/2023\/01\/miniatura-web-confederacion-2.jpg\",\"datePublished\":\"2023-08-23T06:44:05+00:00\",\"dateModified\":\"2023-12-10T10:04:22+00:00\",\"description\":\"Aviso Legal Confederaci\u00f3n Nacional de AA AA de Don Bosco en Espa\u00f1a\",\"breadcrumb\":{\"@id\":\"https:\/\/confedebosco.es\/gl\/aviso-legal\/#breadcrumb\"},\"inLanguage\":\"gl-ES\",\"potentialAction\":[{\"@type\":\"ReadAction\",\"target\":[\"https:\/\/confedebosco.es\/gl\/aviso-legal\/\"]}]},{\"@type\":\"ImageObject\",\"inLanguage\":\"gl-ES\",\"@id\":\"https:\/\/confedebosco.es\/gl\/aviso-legal\/#primaryimage\",\"url\":\"https:\/\/confedebosco.es\/wp-content\/uploads\/2023\/01\/miniatura-web-confederacion-2.jpg\",\"contentUrl\":\"https:\/\/confedebosco.es\/wp-content\/uploads\/2023\/01\/miniatura-web-confederacion-2.jpg\",\"width\":1720,\"height\":1720},{\"@type\":\"BreadcrumbList\",\"@id\":\"https:\/\/confedebosco.es\/gl\/aviso-legal\/#breadcrumb\",\"itemListElement\":[{\"@type\":\"ListItem\",\"position\":1,\"name\":\"Portada\",\"item\":\"https:\/\/confedebosco.es\/gl\/comeza\/\"},{\"@type\":\"ListItem\",\"position\":2,\"name\":\"Aviso legal\"}]},{\"@type\":\"WebSite\",\"@id\":\"https:\/\/confedebosco.es\/gl\/#website\",\"url\":\"https:\/\/confedebosco.es\/gl\/\",\"name\":\"Confederaci\u00f3n Nacional Antiguos Alumnos de Don Bosco\",\"description\":\"Confederaci\u00f3n Nacional Antiguos Alumnos de Don Bosco\",\"publisher\":{\"@id\":\"https:\/\/confedebosco.es\/gl\/#organization\"},\"alternateName\":\"Confederaci\u00f3n Nacional Antiguos Alumnos de Don Bosco\",\"potentialAction\":[{\"@type\":\"SearchAction\",\"target\":{\"@type\":\"EntryPoint\",\"urlTemplate\":\"https:\/\/confedebosco.es\/gl\/?s={search_term_string}\"},\"query-input\":{\"@type\":\"PropertyValueSpecification\",\"valueRequired\":true,\"valueName\":\"search_term_string\"}}],\"inLanguage\":\"gl-ES\"},{\"@type\":\"Organization\",\"@id\":\"https:\/\/confedebosco.es\/gl\/#organization\",\"name\":\"Confederaci\u00f3n Nacional Antiguos Alumnos de Don Bosco\",\"alternateName\":\"Confederaci\u00f3n Nacional Antiguos Alumnos de Don Bosco\",\"url\":\"https:\/\/confedebosco.es\/gl\/\",\"logo\":{\"@type\":\"ImageObject\",\"inLanguage\":\"gl-ES\",\"@id\":\"https:\/\/confedebosco.es\/gl\/#\/schema\/logo\/image\/\",\"url\":\"https:\/\/confedebosco.es\/wp-content\/uploads\/2023\/01\/cropped-logo-antiguos-alumnos-salesianos.png\",\"contentUrl\":\"https:\/\/confedebosco.es\/wp-content\/uploads\/2023\/01\/cropped-logo-antiguos-alumnos-salesianos.png\",\"width\":512,\"height\":512,\"caption\":\"Confederaci\u00f3n Nacional Antiguos Alumnos de Don Bosco\"},\"image\":{\"@id\":\"https:\/\/confedebosco.es\/gl\/#\/schema\/logo\/image\/\"},\"sameAs\":[\"https:\/\/www.facebook.com\/CNAAAADBE\/\",\"https:\/\/www.instagram.com\/cnaaaadbe\/\"]}]}<\/script>\n<!-- \/ Yoast SEO plugin. -->","yoast_head_json":{"title":"Aviso legal - Confederaci\u00f3n Antiguos Alumnos y Antiguas Alumnas de Don Bosco","description":"Aviso Legal Confederaci\u00f3n Nacional de AA AA de Don Bosco en Espa\u00f1a","robots":{"index":"index","follow":"follow","max-snippet":"max-snippet:-1","max-image-preview":"max-image-preview:large","max-video-preview":"max-video-preview:-1"},"canonical":"https:\/\/confedebosco.es\/gl\/aviso-legal\/","og_locale":"gl_ES","og_type":"article","og_title":"Aviso legal - Confederaci\u00f3n Antiguos Alumnos y Antiguas Alumnas de Don Bosco","og_description":"Aviso Legal Confederaci\u00f3n Nacional de AA AA de Don Bosco en Espa\u00f1a","og_url":"https:\/\/confedebosco.es\/gl\/aviso-legal\/","og_site_name":"Confederaci\u00f3n Antiguos Alumnos y Antiguas Alumnas de Don Bosco","article_publisher":"https:\/\/www.facebook.com\/CNAAAADBE\/","article_modified_time":"2023-12-10T10:04:22+00:00","og_image":[{"width":1720,"height":1720,"url":"https:\/\/confedebosco.es\/wp-content\/uploads\/2023\/01\/miniatura-web-confederacion-2.jpg","type":"image\/jpeg"}],"twitter_card":"summary_large_image","twitter_misc":{"Tempo de lectura":"7 minutos"},"schema":{"@context":"https:\/\/schema.org","@graph":[{"@type":"WebPage","@id":"https:\/\/confedebosco.es\/gl\/aviso-legal\/","url":"https:\/\/confedebosco.es\/gl\/aviso-legal\/","name":"Aviso legal - Confederaci\u00f3n Antiguos Alumnos y Antiguas Alumnas de Don Bosco","isPartOf":{"@id":"https:\/\/confedebosco.es\/gl\/#website"},"primaryImageOfPage":{"@id":"https:\/\/confedebosco.es\/gl\/aviso-legal\/#primaryimage"},"image":{"@id":"https:\/\/confedebosco.es\/gl\/aviso-legal\/#primaryimage"},"thumbnailUrl":"https:\/\/confedebosco.es\/wp-content\/uploads\/2023\/01\/miniatura-web-confederacion-2.jpg","datePublished":"2023-08-23T06:44:05+00:00","dateModified":"2023-12-10T10:04:22+00:00","description":"Aviso Legal Confederaci\u00f3n Nacional de AA AA de Don Bosco en Espa\u00f1a","breadcrumb":{"@id":"https:\/\/confedebosco.es\/gl\/aviso-legal\/#breadcrumb"},"inLanguage":"gl-ES","potentialAction":[{"@type":"ReadAction","target":["https:\/\/confedebosco.es\/gl\/aviso-legal\/"]}]},{"@type":"ImageObject","inLanguage":"gl-ES","@id":"https:\/\/confedebosco.es\/gl\/aviso-legal\/#primaryimage","url":"https:\/\/confedebosco.es\/wp-content\/uploads\/2023\/01\/miniatura-web-confederacion-2.jpg","contentUrl":"https:\/\/confedebosco.es\/wp-content\/uploads\/2023\/01\/miniatura-web-confederacion-2.jpg","width":1720,"height":1720},{"@type":"BreadcrumbList","@id":"https:\/\/confedebosco.es\/gl\/aviso-legal\/#breadcrumb","itemListElement":[{"@type":"ListItem","position":1,"name":"Portada","item":"https:\/\/confedebosco.es\/gl\/comeza\/"},{"@type":"ListItem","position":2,"name":"Aviso legal"}]},{"@type":"WebSite","@id":"https:\/\/confedebosco.es\/gl\/#website","url":"https:\/\/confedebosco.es\/gl\/","name":"Confederaci\u00f3n Nacional Antiguos Alumnos de Don Bosco","description":"Confederaci\u00f3n Nacional Antiguos Alumnos de Don Bosco","publisher":{"@id":"https:\/\/confedebosco.es\/gl\/#organization"},"alternateName":"Confederaci\u00f3n Nacional Antiguos Alumnos de Don Bosco","potentialAction":[{"@type":"SearchAction","target":{"@type":"EntryPoint","urlTemplate":"https:\/\/confedebosco.es\/gl\/?s={search_term_string}"},"query-input":{"@type":"PropertyValueSpecification","valueRequired":true,"valueName":"search_term_string"}}],"inLanguage":"gl-ES"},{"@type":"Organization","@id":"https:\/\/confedebosco.es\/gl\/#organization","name":"Confederaci\u00f3n Nacional Antiguos Alumnos de Don Bosco","alternateName":"Confederaci\u00f3n Nacional Antiguos Alumnos de Don Bosco","url":"https:\/\/confedebosco.es\/gl\/","logo":{"@type":"ImageObject","inLanguage":"gl-ES","@id":"https:\/\/confedebosco.es\/gl\/#\/schema\/logo\/image\/","url":"https:\/\/confedebosco.es\/wp-content\/uploads\/2023\/01\/cropped-logo-antiguos-alumnos-salesianos.png","contentUrl":"https:\/\/confedebosco.es\/wp-content\/uploads\/2023\/01\/cropped-logo-antiguos-alumnos-salesianos.png","width":512,"height":512,"caption":"Confederaci\u00f3n Nacional Antiguos Alumnos de Don Bosco"},"image":{"@id":"https:\/\/confedebosco.es\/gl\/#\/schema\/logo\/image\/"},"sameAs":["https:\/\/www.facebook.com\/CNAAAADBE\/","https:\/\/www.instagram.com\/cnaaaadbe\/"]}]}},"_links":{"self":[{"href":"https:\/\/confedebosco.es\/gl\/wp-json\/wp\/v2\/pages\/2671","targetHints":{"allow":["GET"]}}],"collection":[{"href":"https:\/\/confedebosco.es\/gl\/wp-json\/wp\/v2\/pages"}],"about":[{"href":"https:\/\/confedebosco.es\/gl\/wp-json\/wp\/v2\/types\/page"}],"author":[{"embeddable":true,"href":"https:\/\/confedebosco.es\/gl\/wp-json\/wp\/v2\/users\/1"}],"replies":[{"embeddable":true,"href":"https:\/\/confedebosco.es\/gl\/wp-json\/wp\/v2\/comments?post=2671"}],"version-history":[{"count":2,"href":"https:\/\/confedebosco.es\/gl\/wp-json\/wp\/v2\/pages\/2671\/revisions"}],"predecessor-version":[{"id":2673,"href":"https:\/\/confedebosco.es\/gl\/wp-json\/wp\/v2\/pages\/2671\/revisions\/2673"}],"wp:featuredmedia":[{"embeddable":true,"href":"https:\/\/confedebosco.es\/gl\/wp-json\/wp\/v2\/media\/1856"}],"wp:attachment":[{"href":"https:\/\/confedebosco.es\/gl\/wp-json\/wp\/v2\/media?parent=2671"}],"curies":[{"name":"wp","href":"https:\/\/api.w.org\/{rel}","templated":true}]}}